{"id":4016,"date":"2020-12-25T05:54:47","date_gmt":"2020-12-25T05:54:47","guid":{"rendered":"https:\/\/agrikon.ninetheme.com\/?page_id=4016"},"modified":"2025-10-14T10:13:41","modified_gmt":"2025-10-14T08:13:41","slug":"about-2-2","status":"publish","type":"page","link":"https:\/\/interkoop.org\/?page_id=4016","title":{"rendered":"A propos de nous"},"content":{"rendered":"\t\t<div data-elementor-type=\"wp-page\" data-elementor-id=\"4016\" class=\"elementor elementor-4016\">\n\t\t\t\t\t\t<section class=\"elementor-section elementor-top-section elementor-element elementor-element-24e65dd elementor-section-height-min-height elementor-section-full_width elementor-section-height-default elementor-section-items-middle nt-section-ripped-top ripped-top-no nt-section-ripped-bottom ripped-bottom-no\" data-id=\"24e65dd\" data-element_type=\"section\">\n\t\t\t\t\t\t<div class=\"elementor-container elementor-column-gap-no\">\n\t\t\t\t\t<div class=\"elementor-column elementor-col-100 elementor-top-column elementor-element elementor-element-eef7f38\" data-id=\"eef7f38\" data-element_type=\"column\">\n\t\t\t<div class=\"elementor-widget-wrap elementor-element-populated\">\n\t\t\t\t\t\t<div class=\"elementor-element elementor-element-9b9c24a elementor-widget elementor-widget-agrikon-page-hero\" data-id=\"9b9c24a\" data-element_type=\"widget\" data-widget_type=\"agrikon-page-hero.default\">\n\t\t\t\t<div class=\"elementor-widget-container\">\n\t\t\t\t\t<div class=\"page-header ripped-off\"><div class=\"page-header__bg\"><\/div><div class=\"container\"><h2 class=\"page-title\">A propos de nous<\/h2><\/div><\/div>\t\t\t\t<\/div>\n\t\t\t\t<\/div>\n\t\t\t\t\t<\/div>\n\t\t<\/div>\n\t\t\t\t\t<\/div>\n\t\t<\/section>\n\t\t\t\t<div class=\"elementor-section elementor-top-section elementor-element elementor-element-bb81d5d nt-section section-padding elementor-section-content-middle elementor-section-boxed elementor-section-height-default elementor-section-height-default nt-section-ripped-top ripped-top-no nt-section-ripped-bottom ripped-bottom-no\" data-id=\"bb81d5d\" data-element_type=\"section\" data-settings=\"{&quot;background_background&quot;:&quot;classic&quot;}\">\n\t\t\t\t\t\t<div class=\"elementor-container elementor-column-gap-default\">\n\t\t\t\t\t<div class=\"elementor-column elementor-col-50 elementor-top-column elementor-element elementor-element-6a489743\" data-id=\"6a489743\" data-element_type=\"column\">\n\t\t\t<div class=\"elementor-widget-wrap elementor-element-populated\">\n\t\t\t\t\t\t<div class=\"elementor-element elementor-element-43454b75 elementor-widget elementor-widget-image\" data-id=\"43454b75\" data-element_type=\"widget\" data-widget_type=\"image.default\">\n\t\t\t\t\t\t\t\t\t\t\t\t\t\t\t<img decoding=\"async\" src=\"https:\/\/interkoop.org\/wp-content\/uploads\/elementor\/thumbs\/LogoInterkoop-rcuwo38gqwfap2td4g8wqzllcytj97lkzi0jwtu9mi.png\" title=\"LogoInterkoop\" alt=\"LogoInterkoop\" loading=\"lazy\" \/>\t\t\t\t\t\t\t\t\t\t\t\t\t\t\t<\/div>\n\t\t\t\t<div class=\"elementor-element elementor-element-6867bb19 agrikon-transform transform-type-translate elementor-widget elementor-widget-heading\" data-id=\"6867bb19\" data-element_type=\"widget\" data-widget_type=\"heading.default\">\n\t\t\t\t\t<p class=\"elementor-heading-title elementor-size-default\">Interkoop\n\n<\/p>\t\t\t\t<\/div>\n\t\t\t\t<div class=\"elementor-element elementor-element-2c5362af agrikon-transform transform-type-translate elementor-widget elementor-widget-heading\" data-id=\"2c5362af\" data-element_type=\"widget\" data-widget_type=\"heading.default\">\n\t\t\t\t\t<h3 class=\"elementor-heading-title elementor-size-default\">R\u00e9seau d\u2019\u00e9piceries participatives des Landes et du Pays Basque\n<\/h3>\t\t\t\t<\/div>\n\t\t\t\t<div class=\"elementor-element elementor-element-bcc6701 elementor-widget elementor-widget-text-editor\" data-id=\"bcc6701\" data-element_type=\"widget\" data-widget_type=\"text-editor.default\">\n\t\t\t\t\t\t\t\t\t<p><b>Notre mission :<\/b> relier les initiatives locales, mutualiser les moyens et s\u00e9curiser l\u2019approvisionnement de commerces citoyens qui mettent les circuits courts au c\u0153ur de leur mod\u00e8le. Concr\u00e8tement, nous aidons les \u00e9quipes \u00e0 chaque \u00e9tape : mutualisation des achats et des connaissances, structuration de la gouvernance, recrutement et animation des adh\u00e9rents, gestion des stocks, outils num\u00e9riques, communication locale, &#8230;\u200b<\/p>\t\t\t\t\t\t\t\t<\/div>\n\t\t\t\t<div class=\"elementor-element elementor-element-f776b42 elementor-widget elementor-widget-text-editor\" data-id=\"f776b42\" data-element_type=\"widget\" data-widget_type=\"text-editor.default\">\n\t\t\t\t\t\t\t\t\t<p><strong>Pourquoi ce mod\u00e8le fonctionne-t-il si bien ?<\/strong><\/p><p>Parce qu\u2019il aligne int\u00e9r\u00eat collectif, qualit\u00e9 alimentaire et juste r\u00e9mun\u00e9ration. Moins d\u2019interm\u00e9diaires, des marges transparentes, une logistique optimis\u00e9e \u00e0 l\u2019\u00e9chelle du r\u00e9seau : tout cela se traduit par des prix accessibles sans compromis sur l\u2019origine et la fra\u00eecheur. Les \u00e9piceries deviennent des lieux de vie et d\u2019apprentissage, o\u00f9 les habitants reprennent la main : ils d\u00e9cident ensemble, se forment, partagent des comp\u00e9tences et s\u2019impliquent dans une consommation plus consciente. Ce sont aussi des ancrages \u00e9conomiques durables pour nos campagnes et nos villes, qui s\u00e9curisent des d\u00e9bouch\u00e9s pour les agriculteurs, artisans et coop\u00e9ratives locales, tout en r\u00e9duisant l\u2019empreinte carbone li\u00e9e au transport et au gaspillage.<\/p>\t\t\t\t\t\t\t\t<\/div>\n\t\t\t\t<section class=\"elementor-section elementor-inner-section elementor-element elementor-element-f5922a4 elementor-section-boxed elementor-section-height-default elementor-section-height-default nt-section-ripped-top ripped-top-no nt-section-ripped-bottom ripped-bottom-no\" data-id=\"f5922a4\" data-element_type=\"section\">\n\t\t\t\t\t\t<div class=\"elementor-container elementor-column-gap-no\">\n\t\t\t\t\t<div class=\"elementor-column elementor-col-33 elementor-inner-column elementor-element elementor-element-59dd15c\" data-id=\"59dd15c\" data-element_type=\"column\">\n\t\t\t<div class=\"elementor-widget-wrap elementor-element-populated\">\n\t\t\t\t\t\t<div class=\"elementor-element elementor-element-e34c5dc elementor-widget elementor-widget-agrikon-odometer\" data-id=\"e34c5dc\" data-element_type=\"widget\" data-widget_type=\"agrikon-odometer.default\">\n\t\t\t\t<div class=\"elementor-widget-container\">\n\t\t\t\t\t<div class=\"odometer_wrapper theme-default\"><div id=\"odometer_e34c5dc\" class=\"odometer\" data-agrikon-odometer='{\"theme\":\"default\",\"format\":\"d\",\"number\":1,\"number2\":9}'>1<\/div><\/div>\t\t\t\t<\/div>\n\t\t\t\t<\/div>\n\t\t\t\t<div class=\"elementor-element elementor-element-4ce14c9 agrikon-transform transform-type-translate elementor-widget elementor-widget-heading\" data-id=\"4ce14c9\" data-element_type=\"widget\" data-widget_type=\"heading.default\">\n\t\t\t\t\t<h5 class=\"elementor-heading-title elementor-size-default\">\u00e9picerie participatives\n<\/h5>\t\t\t\t<\/div>\n\t\t\t\t\t<\/div>\n\t\t<\/div>\n\t\t\t\t<div class=\"elementor-column elementor-col-33 elementor-inner-column elementor-element elementor-element-93b7021\" data-id=\"93b7021\" data-element_type=\"column\">\n\t\t\t<div class=\"elementor-widget-wrap elementor-element-populated\">\n\t\t\t\t\t\t<div class=\"elementor-element elementor-element-f1c92a1 elementor-widget elementor-widget-agrikon-odometer\" data-id=\"f1c92a1\" data-element_type=\"widget\" data-widget_type=\"agrikon-odometer.default\">\n\t\t\t\t<div class=\"elementor-widget-container\">\n\t\t\t\t\t<div class=\"odometer_wrapper theme-default\"><div id=\"odometer_f1c92a1\" class=\"odometer\" data-agrikon-odometer='{\"theme\":\"default\",\"format\":\"d\",\"number\":3,\"number2\":320}'>3<\/div><\/div>\t\t\t\t<\/div>\n\t\t\t\t<\/div>\n\t\t\t\t<div class=\"elementor-element elementor-element-30b450a agrikon-transform transform-type-translate elementor-widget elementor-widget-heading\" data-id=\"30b450a\" data-element_type=\"widget\" data-widget_type=\"heading.default\">\n\t\t\t\t\t<h5 class=\"elementor-heading-title elementor-size-default\">Producteurs<\/h5>\t\t\t\t<\/div>\n\t\t\t\t\t<\/div>\n\t\t<\/div>\n\t\t\t\t<div class=\"elementor-column elementor-col-33 elementor-inner-column elementor-element elementor-element-5aa25f7\" data-id=\"5aa25f7\" data-element_type=\"column\">\n\t\t\t<div class=\"elementor-widget-wrap elementor-element-populated\">\n\t\t\t\t\t\t<div class=\"elementor-element elementor-element-3950c99 elementor-widget elementor-widget-agrikon-odometer\" data-id=\"3950c99\" data-element_type=\"widget\" data-widget_type=\"agrikon-odometer.default\">\n\t\t\t\t<div class=\"elementor-widget-container\">\n\t\t\t\t\t<div class=\"odometer_wrapper theme-default\"><div id=\"odometer_3950c99\" class=\"odometer\" data-agrikon-odometer='{\"theme\":\"default\",\"format\":\"d\",\"number\":10,\"number2\":1200}'>10<\/div><\/div>\t\t\t\t<\/div>\n\t\t\t\t<\/div>\n\t\t\t\t<div class=\"elementor-element elementor-element-f0a8772 agrikon-transform transform-type-translate elementor-widget elementor-widget-heading\" data-id=\"f0a8772\" data-element_type=\"widget\" data-widget_type=\"heading.default\">\n\t\t\t\t\t<h5 class=\"elementor-heading-title elementor-size-default\">familles adh\u00e9rentes<\/h5>\t\t\t\t<\/div>\n\t\t\t\t\t<\/div>\n\t\t<\/div>\n\t\t\t\t\t<\/div>\n\t\t<\/section>\n\t\t\t\t<div class=\"elementor-element elementor-element-27a6212 elementor-widget elementor-widget-text-editor\" data-id=\"27a6212\" data-element_type=\"widget\" data-widget_type=\"text-editor.default\">\n\t\t\t\t\t\t\t\t\t<p>Rejoindre Interkoop, c\u2019est int\u00e9grer une communaut\u00e9 attentive et efficace. Nous mettons \u00e0 disposition des ressources concr\u00e8tes (fiches pratiques, mod\u00e8les de documents, tutoriels, formations), une bo\u00eete \u00e0 outils num\u00e9rique (gestion des stocks, commandes group\u00e9es, suivi des ventes). Nous organisons des rencontres, des \u00e9changes de bonnes pratiques et des actions communes. Que vous soyez un citoyen,\u00a0 une \u00e9picerie existante, un collectif en cr\u00e9ation ou un partenaire du territoire, nous vous accompagnons pour passer \u00e0 l\u2019\u00e9tape suivante \u2014 avec m\u00e9thode, sobri\u00e9t\u00e9 et esprit coop\u00e9ratif.<\/p>\t\t\t\t\t\t\t\t<\/div>\n\t\t\t\t\t<\/div>\n\t\t<\/div>\n\t\t\t\t<div class=\"elementor-column elementor-col-50 elementor-top-column elementor-element elementor-element-f538a06\" data-id=\"f538a06\" data-element_type=\"column\">\n\t\t\t<div class=\"elementor-widget-wrap elementor-element-populated\">\n\t\t\t\t\t\t<div class=\"elementor-element elementor-element-482018d elementor-widget elementor-widget-image\" data-id=\"482018d\" data-element_type=\"widget\" data-widget_type=\"image.default\">\n\t\t\t\t\t\t\t\t\t\t\t\t\t\t\t<img decoding=\"async\" src=\"https:\/\/interkoop.org\/wp-content\/uploads\/elementor\/thumbs\/Plateau_pintxos_basque-rd6md8xr7eyfga6mzztmb5fj0xm0bpl4zeljdpdza0.jpg\" title=\"Plateau_pintxos_basque\" alt=\"Plateau_pintxos_basque\" loading=\"lazy\" \/>\t\t\t\t\t\t\t\t\t\t\t\t\t\t\t<\/div>\n\t\t\t\t<div class=\"elementor-element elementor-element-a48cad8 elementor-widget__width-initial elementor-absolute elementor-widget elementor-widget-spacer\" data-id=\"a48cad8\" data-element_type=\"widget\" data-settings=\"{&quot;_position&quot;:&quot;absolute&quot;}\" data-widget_type=\"spacer.default\">\n\t\t\t\t\t\t\t<div class=\"elementor-spacer\">\n\t\t\t<div class=\"elementor-spacer-inner\"><\/div>\n\t\t<\/div>\n\t\t\t\t\t\t<\/div>\n\t\t\t\t<div class=\"elementor-element elementor-element-4e94405 elementor-widget__width-initial elementor-absolute elementor-widget elementor-widget-spacer\" data-id=\"4e94405\" data-element_type=\"widget\" data-settings=\"{&quot;_position&quot;:&quot;absolute&quot;}\" data-widget_type=\"spacer.default\">\n\t\t\t\t\t\t\t<div class=\"elementor-spacer\">\n\t\t\t<div class=\"elementor-spacer-inner\"><\/div>\n\t\t<\/div>\n\t\t\t\t\t\t<\/div>\n\t\t\t\t\t<\/div>\n\t\t<\/div>\n\t\t\t\t\t<\/div>\n\t\t<\/div>\n\t\t\t\t<div class=\"elementor-section elementor-top-section elementor-element elementor-element-b61bcf6 elementor-section-full_width nt-section section-padding elementor-section-height-default elementor-section-height-default nt-section-ripped-top ripped-top-no nt-section-ripped-bottom ripped-bottom-no\" data-id=\"b61bcf6\" data-element_type=\"section\" data-settings=\"{&quot;background_background&quot;:&quot;classic&quot;}\">\n\t\t\t\t\t\t<div class=\"elementor-container elementor-column-gap-no\">\n\t\t\t\t\t<div class=\"elementor-column elementor-col-100 elementor-top-column elementor-element elementor-element-2781a2f\" data-id=\"2781a2f\" data-element_type=\"column\">\n\t\t\t<div class=\"elementor-widget-wrap elementor-element-populated\">\n\t\t\t\t\t\t<div class=\"elementor-section elementor-inner-section elementor-element elementor-element-5807b99 elementor-section-boxed elementor-section-height-default elementor-section-height-default nt-section-ripped-top ripped-top-no nt-section-ripped-bottom ripped-bottom-no\" data-id=\"5807b99\" data-element_type=\"section\">\n\t\t\t\t\t\t<div class=\"elementor-container elementor-column-gap-no\">\n\t\t\t\t\t<div class=\"elementor-column elementor-col-100 elementor-inner-column elementor-element elementor-element-06746ef\" data-id=\"06746ef\" data-element_type=\"column\">\n\t\t\t<div class=\"elementor-widget-wrap elementor-element-populated\">\n\t\t\t\t\t\t<div class=\"elementor-element elementor-element-cf2af52 elementor-widget elementor-widget-image\" data-id=\"cf2af52\" data-element_type=\"widget\" data-widget_type=\"image.default\">\n\t\t\t\t\t\t\t\t\t\t\t\t\t\t\t<img decoding=\"async\" src=\"https:\/\/interkoop.org\/wp-content\/uploads\/elementor\/thumbs\/LogoInterkoop-rcuwo38gqwfap2td4g8wqzllcytj97lkzi0jwtu9mi.png\" title=\"LogoInterkoop\" alt=\"LogoInterkoop\" loading=\"lazy\" \/>\t\t\t\t\t\t\t\t\t\t\t\t\t\t\t<\/div>\n\t\t\t\t<div class=\"elementor-element elementor-element-2a993ff agrikon-transform transform-type-translate elementor-widget elementor-widget-heading\" data-id=\"2a993ff\" data-element_type=\"widget\" data-widget_type=\"heading.default\">\n\t\t\t\t\t<h3 class=\"elementor-heading-title elementor-size-default\">Points forts d\u2019Interkoop<\/h3>\t\t\t\t<\/div>\n\t\t\t\t\t<\/div>\n\t\t<\/div>\n\t\t\t\t\t<\/div>\n\t\t<\/div>\n\t\t\t\t<div class=\"elementor-section elementor-inner-section elementor-element elementor-element-2fd7dc3 elementor-section-boxed elementor-section-height-default elementor-section-height-default nt-section-ripped-top ripped-top-no nt-section-ripped-bottom ripped-bottom-no\" data-id=\"2fd7dc3\" data-element_type=\"section\">\n\t\t\t\t\t\t<div class=\"elementor-container elementor-column-gap-default\">\n\t\t\t\t\t<div class=\"elementor-column elementor-col-50 elementor-inner-column elementor-element elementor-element-3a85da7\" data-id=\"3a85da7\" data-element_type=\"column\" data-settings=\"{&quot;background_background&quot;:&quot;classic&quot;}\">\n\t\t\t<div class=\"elementor-widget-wrap elementor-element-populated\">\n\t\t\t\t\t\t<div class=\"elementor-element elementor-element-3ab80b1 elementor-widget elementor-widget-agrikon-image-before-after\" data-id=\"3ab80b1\" data-element_type=\"widget\" data-widget_type=\"agrikon-image-before-after.default\">\n\t\t\t\t<div class=\"elementor-widget-container\">\n\t\t\t\t\t<div id=\"myImageCompare_3ab80b1\" class=\"nt-images-compare\"><div style=\"display: none;\"><span class=\"images-compare-label\">Before<\/span><img decoding=\"async\" src=\"https:\/\/interkoop.org\/wp-content\/uploads\/2025\/10\/MIAKOOP-1.jpeg\" alt=\"MIAKOOP-1.jpeg\"><\/div><div><span class=\"images-compare-label\">After<\/span><img decoding=\"async\" src=\"https:\/\/interkoop.org\/wp-content\/uploads\/2020\/12\/Coopaz4-768x512.jpeg\" alt=\"Coopaz4.jpeg\"><\/div><\/div>\t\t\t\t<\/div>\n\t\t\t\t<\/div>\n\t\t\t\t<div class=\"elementor-element elementor-element-114e9d3 agrikon-transform transform-type-translate elementor-widget elementor-widget-heading\" data-id=\"114e9d3\" data-element_type=\"widget\" data-widget_type=\"heading.default\">\n\t\t\t\t\t<h4 class=\"elementor-heading-title elementor-size-default\">Modern Agriculture<\/h4>\t\t\t\t<\/div>\n\t\t\t\t<div class=\"elementor-element elementor-element-516d5b7 agrikon-transform transform-type-translate elementor-widget elementor-widget-heading\" data-id=\"516d5b7\" data-element_type=\"widget\" data-widget_type=\"heading.default\">\n\t\t\t\t\t<span class=\"elementor-heading-title elementor-size-default\">Lorem ipsum dolor sit amet, consectetur adipisicing elit, sed do eiusmod tempor incididunt ut labore et dolore magna aliqua.<\/span>\t\t\t\t<\/div>\n\t\t\t\t\t<\/div>\n\t\t<\/div>\n\t\t\t\t<div class=\"elementor-column elementor-col-50 elementor-inner-column elementor-element elementor-element-e06ccea\" data-id=\"e06ccea\" data-element_type=\"column\">\n\t\t\t<div class=\"elementor-widget-wrap elementor-element-populated\">\n\t\t\t\t\t\t<div class=\"elementor-element elementor-element-df7f179 elementor-widget elementor-widget-accordion\" data-id=\"df7f179\" data-element_type=\"widget\" data-widget_type=\"accordion.default\">\n\t\t\t\t\t\t\t<div class=\"elementor-accordion\">\n\t\t\t\t\t\t\t<div class=\"elementor-accordion-item\">\n\t\t\t\t\t<div id=\"elementor-tab-title-2341\" class=\"elementor-tab-title\" data-tab=\"1\" role=\"button\" aria-controls=\"elementor-tab-content-2341\" aria-expanded=\"false\">\n\t\t\t\t\t\t\t\t\t\t\t\t\t<span class=\"elementor-accordion-icon elementor-accordion-icon-left\" aria-hidden=\"true\">\n\t\t\t\t\t\t\t\t\t\t\t\t\t\t\t<span class=\"elementor-accordion-icon-closed\"><svg class=\"e-font-icon-svg e-fas-plus\" viewBox=\"0 0 448 512\" xmlns=\"http:\/\/www.w3.org\/2000\/svg\"><path d=\"M416 208H272V64c0-17.67-14.33-32-32-32h-32c-17.67 0-32 14.33-32 32v144H32c-17.67 0-32 14.33-32 32v32c0 17.67 14.33 32 32 32h144v144c0 17.67 14.33 32 32 32h32c17.67 0 32-14.33 32-32V304h144c17.67 0 32-14.33 32-32v-32c0-17.67-14.33-32-32-32z\"><\/path><\/svg><\/span>\n\t\t\t\t\t\t\t\t<span class=\"elementor-accordion-icon-opened\"><svg class=\"e-font-icon-svg e-fas-minus\" viewBox=\"0 0 448 512\" xmlns=\"http:\/\/www.w3.org\/2000\/svg\"><path d=\"M416 208H32c-17.67 0-32 14.33-32 32v32c0 17.67 14.33 32 32 32h384c17.67 0 32-14.33 32-32v-32c0-17.67-14.33-32-32-32z\"><\/path><\/svg><\/span>\n\t\t\t\t\t\t\t\t\t\t\t\t\t\t<\/span>\n\t\t\t\t\t\t\t\t\t\t\t\t<a class=\"elementor-accordion-title\" tabindex=\"0\">Pour les futur\u00b7e\u00b7s adh\u00e9rent\u00b7e\u00b7s (citoyen\u00b7ne\u00b7s)\u200b<\/a>\n\t\t\t\t\t<\/div>\n\t\t\t\t\t<div id=\"elementor-tab-content-2341\" class=\"elementor-tab-content elementor-clearfix\" data-tab=\"1\" role=\"region\" aria-labelledby=\"elementor-tab-title-2341\"><ul><li data-start=\"144\" data-end=\"275\"><p data-start=\"146\" data-end=\"275\"><strong data-start=\"146\" data-end=\"176\">Prix justes &amp; transparents<\/strong> : moins d\u2019interm\u00e9diaires, marges claires, acc\u00e8s \u00e0 des produits de qualit\u00e9 sans casser le budget.<\/p><\/li><li data-start=\"276\" data-end=\"392\"><p data-start=\"278\" data-end=\"392\"><strong data-start=\"278\" data-end=\"301\">Qualit\u00e9 &amp; proximit\u00e9<\/strong> : produits frais, bio ou artisanaux, majoritairement issus des Landes et du Pays Basque.<\/p><\/li><li data-start=\"393\" data-end=\"510\"><p data-start=\"395\" data-end=\"510\"><strong data-start=\"395\" data-end=\"413\">Pouvoir d\u2019agir<\/strong> : chacun peut s\u2019impliquer (heures solidaires, commissions, votes) et participer aux d\u00e9cisions.<\/p><\/li><li data-start=\"511\" data-end=\"627\"><p data-start=\"513\" data-end=\"627\"><strong data-start=\"513\" data-end=\"546\">Apprentissages &amp; convivialit\u00e9<\/strong> : ateliers cuisine\/anti-gaspi, rencontres producteurs, vie de quartier anim\u00e9e.<\/p><\/li><li data-start=\"628\" data-end=\"715\"><p data-start=\"630\" data-end=\"715\"><strong data-start=\"630\" data-end=\"657\">Consommation plus saine<\/strong> : saisonnalit\u00e9, circuits courts, tra\u00e7abilit\u00e9 renforc\u00e9e.<\/p><\/li><li data-start=\"716\" data-end=\"817\"><p data-start=\"718\" data-end=\"817\"><strong data-start=\"718\" data-end=\"742\">Communaut\u00e9 solidaire<\/strong> : entraide au quotidien, \u00e9changes de comp\u00e9tences, \u00e9v\u00e9nements conviviaux.<\/p><\/li><li data-start=\"818\" data-end=\"940\"><p data-start=\"820\" data-end=\"940\"><strong data-start=\"820\" data-end=\"843\">Transparence totale<\/strong> : origine des produits, politique de marge, fonctionnement de l\u2019\u00e9picerie expliqu\u00e9s simplement.<\/p><\/li><li data-start=\"941\" data-end=\"1038\"><p data-start=\"943\" data-end=\"1038\"><strong data-start=\"943\" data-end=\"965\">Avantages concrets<\/strong> : paniers th\u00e9matiques, commandes group\u00e9es, offres partenaires du r\u00e9seau.<\/p><\/li><\/ul><\/div>\n\t\t\t\t<\/div>\n\t\t\t\t\t\t\t<div class=\"elementor-accordion-item\">\n\t\t\t\t\t<div id=\"elementor-tab-title-2342\" class=\"elementor-tab-title\" data-tab=\"2\" role=\"button\" aria-controls=\"elementor-tab-content-2342\" aria-expanded=\"false\">\n\t\t\t\t\t\t\t\t\t\t\t\t\t<span class=\"elementor-accordion-icon elementor-accordion-icon-left\" aria-hidden=\"true\">\n\t\t\t\t\t\t\t\t\t\t\t\t\t\t\t<span class=\"elementor-accordion-icon-closed\"><svg class=\"e-font-icon-svg e-fas-plus\" viewBox=\"0 0 448 512\" xmlns=\"http:\/\/www.w3.org\/2000\/svg\"><path d=\"M416 208H272V64c0-17.67-14.33-32-32-32h-32c-17.67 0-32 14.33-32 32v144H32c-17.67 0-32 14.33-32 32v32c0 17.67 14.33 32 32 32h144v144c0 17.67 14.33 32 32 32h32c17.67 0 32-14.33 32-32V304h144c17.67 0 32-14.33 32-32v-32c0-17.67-14.33-32-32-32z\"><\/path><\/svg><\/span>\n\t\t\t\t\t\t\t\t<span class=\"elementor-accordion-icon-opened\"><svg class=\"e-font-icon-svg e-fas-minus\" viewBox=\"0 0 448 512\" xmlns=\"http:\/\/www.w3.org\/2000\/svg\"><path d=\"M416 208H32c-17.67 0-32 14.33-32 32v32c0 17.67 14.33 32 32 32h384c17.67 0 32-14.33 32-32v-32c0-17.67-14.33-32-32-32z\"><\/path><\/svg><\/span>\n\t\t\t\t\t\t\t\t\t\t\t\t\t\t<\/span>\n\t\t\t\t\t\t\t\t\t\t\t\t<a class=\"elementor-accordion-title\" tabindex=\"0\">Pour les \u00e9piceries (en cr\u00e9ation ou existantes)<\/a>\n\t\t\t\t\t<\/div>\n\t\t\t\t\t<div id=\"elementor-tab-content-2342\" class=\"elementor-tab-content elementor-clearfix\" data-tab=\"2\" role=\"region\" aria-labelledby=\"elementor-tab-title-2342\"><ul><li data-start=\"1091\" data-end=\"1202\"><p data-start=\"1093\" data-end=\"1202\"><strong data-start=\"1093\" data-end=\"1121\">Mutualisation des achats<\/strong> : Frais de ports partag\u00e9s, volumes s\u00e9curis\u00e9s, conditions d\u2019approvisionnement stables.<\/p><\/li><li data-start=\"1203\" data-end=\"1326\"><p data-start=\"1205\" data-end=\"1326\"><strong data-start=\"1205\" data-end=\"1238\">Bo\u00eete \u00e0 outils op\u00e9rationnelle<\/strong> : mod\u00e8les de documents, proc\u00e9dures hygi\u00e8ne\/tra\u00e7abilit\u00e9, merchandising, communication.<\/p><\/li><li data-start=\"1327\" data-end=\"1437\"><p data-start=\"1329\" data-end=\"1437\"><strong data-start=\"1329\" data-end=\"1350\">Outils num\u00e9riques<\/strong> : gestion des stocks\/ventes, commandes group\u00e9es, tableaux de bord.<\/p><\/li><li data-start=\"1553\" data-end=\"1658\"><p data-start=\"1555\" data-end=\"1658\"><strong data-start=\"1555\" data-end=\"1583\">Acc\u00e8s r\u00e9seau producteurs<\/strong> : sourcing partag\u00e9, r\u00e9f\u00e9rencements \u00e9prouv\u00e9s, mise en relation facilit\u00e9e.<\/p><\/li><li data-start=\"1659\" data-end=\"1772\"><p data-start=\"1661\" data-end=\"1772\"><strong data-start=\"1661\" data-end=\"1688\">Gouvernance &amp; b\u00e9n\u00e9volat<\/strong> : m\u00e9thodes pour animer les \u00e9quipes, r\u00e9partir les r\u00f4les et d\u00e9cider collectivement.<\/p><\/li><li data-start=\"1773\" data-end=\"1878\"><p data-start=\"1775\" data-end=\"1878\"><strong data-start=\"1775\" data-end=\"1805\">Visibilit\u00e9 &amp; ancrage local<\/strong> : campagnes communes, \u00e9v\u00e9nements r\u00e9gionaux, partenariats p\u00e9dagogiques.<\/p><\/li><li data-start=\"1879\" data-end=\"1993\"><p data-start=\"1881\" data-end=\"1993\"><strong data-start=\"1881\" data-end=\"1904\">Pilotage \u00e9conomique<\/strong> : outils pour s\u00e9curiser la tr\u00e9sorerie, optimiser la logistique et r\u00e9duire le gaspillage.<\/p><\/li><\/ul><\/div>\n\t\t\t\t<\/div>\n\t\t\t\t\t\t\t\t<\/div>\n\t\t\t\t\t\t<\/div>\n\t\t\t\t<div class=\"elementor-element elementor-element-5706513 elementor-widget elementor-widget-agrikon-button\" data-id=\"5706513\" data-element_type=\"widget\" data-widget_type=\"agrikon-button.default\">\n\t\t\t\t<div class=\"elementor-widget-container\">\n\t\t\t\t\t<div class=\"agrikon-button has-icon\"><a class=\"agrikon-btn thm-btn  btn-icon-right\" href=\"https:\/\/interkoop.org\/\">Rejoignez nous ! <svg aria-hidden=\"true\" class=\"e-font-icon-svg e-fas-chevron-right\" viewBox=\"0 0 320 512\" xmlns=\"http:\/\/www.w3.org\/2000\/svg\"><path d=\"M285.476 272.971L91.132 467.314c-9.373 9.373-24.569 9.373-33.941 0l-22.667-22.667c-9.357-9.357-9.375-24.522-.04-33.901L188.505 256 34.484 101.255c-9.335-9.379-9.317-24.544.04-33.901l22.667-22.667c9.373-9.373 24.569-9.373 33.941 0L285.475 239.03c9.373 9.372 9.373 24.568.001 33.941z\"><\/path><\/svg><\/a><\/div>\t\t\t\t<\/div>\n\t\t\t\t<\/div>\n\t\t\t\t\t<\/div>\n\t\t<\/div>\n\t\t\t\t\t<\/div>\n\t\t<\/div>\n\t\t\t\t\t<\/div>\n\t\t<\/div>\n\t\t\t\t\t<\/div>\n\t\t<\/div>\n\t\t\t\t<\/div>\n\t\t","protected":false},"excerpt":{"rendered":"<p>A propos de nous Interkoop R\u00e9seau d\u2019\u00e9piceries participatives des Landes et du Pays Basque Notre mission : relier les initiatives locales, mutualiser les moyens et s\u00e9curiser l\u2019approvisionnement de commerces citoyens qui mettent les circuits courts au c\u0153ur de leur mod\u00e8le. Concr\u00e8tement, nous aidons les \u00e9quipes \u00e0 chaque \u00e9tape : mutualisation des achats et des connaissances,&#8230;<\/p>\n","protected":false},"author":2,"featured_media":0,"parent":0,"menu_order":0,"comment_status":"closed","ping_status":"closed","template":"","meta":{"footnotes":""},"class_list":{"0":"post-4016","1":"page","2":"type-page","3":"status-publish","4":"hentry","5":"nt-post-class","6":"","8":"thumb-none","10":"excerpt-none"},"_links":{"self":[{"href":"https:\/\/interkoop.org\/index.php?rest_route=\/wp\/v2\/pages\/4016","targetHints":{"allow":["GET"]}}],"collection":[{"href":"https:\/\/interkoop.org\/index.php?rest_route=\/wp\/v2\/pages"}],"about":[{"href":"https:\/\/interkoop.org\/index.php?rest_route=\/wp\/v2\/types\/page"}],"author":[{"embeddable":true,"href":"https:\/\/interkoop.org\/index.php?rest_route=\/wp\/v2\/users\/2"}],"replies":[{"embeddable":true,"href":"https:\/\/interkoop.org\/index.php?rest_route=%2Fwp%2Fv2%2Fcomments&post=4016"}],"version-history":[{"count":30,"href":"https:\/\/interkoop.org\/index.php?rest_route=\/wp\/v2\/pages\/4016\/revisions"}],"predecessor-version":[{"id":6198,"href":"https:\/\/interkoop.org\/index.php?rest_route=\/wp\/v2\/pages\/4016\/revisions\/6198"}],"wp:attachment":[{"href":"https:\/\/interkoop.org\/index.php?rest_route=%2Fwp%2Fv2%2Fmedia&parent=4016"}],"curies":[{"name":"wp","href":"https:\/\/api.w.org\/{rel}","templated":true}]}}